{"id":2047,"date":"2021-09-02T10:59:53","date_gmt":"2021-09-02T10:59:53","guid":{"rendered":"https:\/\/prebenafb.com\/?post_type=product&#038;p=2047"},"modified":"2021-09-02T11:09:47","modified_gmt":"2021-09-02T11:09:47","slug":"pkt-twintec-400","status":"publish","type":"product","link":"https:\/\/www.prebenafb.com\/fr\/produit\/pkt-twintec-400\/","title":{"rendered":"PKT-TWINTEC 400"},"content":{"rendered":"<p><span class=\"green\">Premi\u00e8re mondiale - le premier de son genre !<\/span><\/p>\n<p><span class=\"groesser-125 green\">2 applications \u00e0 la fois !<\/span><\/p>\n<p>Remplissage rapide des bouteilles d'air comprim\u00e9 PREBENA, bouteilles d'air comprim\u00e9 = r\u00e9servoir du compresseur, purge automatique de l'eau de condensation, marche\/arr\u00eat automatique, red\u00e9marrage automatique, ch\u00e2ssis en tubes massifs, compteur horaire, vanne de remplissage enti\u00e8rement automatique pour le remplissage de 1 ou 2 bouteilles, soupape de s\u00e9curit\u00e9 homologu\u00e9e, poign\u00e9e rabattable, roues en caoutchouc massif, r\u00e9gulateur de pression, sortie d'air comprim\u00e9 r\u00e9gul\u00e9e, manom\u00e8tre pour la pression de remplissage et de sortie, interrupteur de protection du moteur, aucun contr\u00f4le technique requis.<\/p>\n<p>Convient \u00e0 toutes les cartouches d'air comprim\u00e9 PREBENA :<br \/>\nKT-1000 - avec adaptateur ET00205801 disponible comme accessoire<br \/>\nKT-300, KT-470, KT-690 et KT-900 - disponible comme accessoire avec le tuyau de remplissage Z400.10<\/p>","protected":false},"excerpt":{"rendered":"<h4>Station de remplissage pour bouteilles d'air comprim\u00e9 PREBENA et compresseur standard<\/h4>","protected":false},"featured_media":2048,"template":"","meta":{"site-sidebar-layout":"default","site-content-layout":"default","ast-site-content-layout":"default","site-content-style":"default","site-sidebar-style":"default","ast-global-header-display":"","ast-banner-title-visibility":"","ast-main-header-display":"","ast-hfb-above-header-display":"","ast-hfb-below-header-display":"","ast-hfb-mobile-header-display":"","site-post-title":"","ast-breadcrumbs-content":"","ast-featured-img":"","footer-sml-layout":"","ast-disable-related-posts":"","theme-transparent-header-meta":"default","adv-header-id-meta":"","stick-header-meta":"","header-above-stick-meta":"","header-main-stick-meta":"","header-below-stick-meta":"","astra-migrate-meta-layouts":"default","ast-page-background-enabled":"default","ast-page-background-meta":{"desktop":{"background-color":"var(--ast-global-color-4)","background-image":"","background-repeat":"repeat","background-position":"center center","background-size":"auto","background-attachment":"scroll","background-type":"","background-media":"","overlay-type":"","overlay-color":"","overlay-opacity":"","overlay-gradient":""},"tablet":{"background-color":"","background-image":"","background-repeat":"repeat","background-position":"center center","background-size":"auto","background-attachment":"scroll","background-type":"","background-media":"","overlay-type":"","overlay-color":"","overlay-opacity":"","overlay-gradient":""},"mobile":{"background-color":"","background-image":"","background-repeat":"repeat","background-position":"center center","background-size":"auto","background-attachment":"scroll","background-type":"","background-media":"","overlay-type":"","overlay-color":"","overlay-opacity":"","overlay-gradient":""}},"ast-content-background-meta":{"desktop":{"background-color":"var(--ast-global-color-5)","background-image":"","background-repeat":"repeat","background-position":"center center","background-size":"auto","background-attachment":"scroll","background-type":"","background-media":"","overlay-type":"","overlay-color":"","overlay-opacity":"","overlay-gradient":""},"tablet":{"background-color":"var(--ast-global-color-5)","background-image":"","background-repeat":"repeat","background-position":"center center","background-size":"auto","background-attachment":"scroll","background-type":"","background-media":"","overlay-type":"","overlay-color":"","overlay-opacity":"","overlay-gradient":""},"mobile":{"background-color":"var(--ast-global-color-5)","background-image":"","background-repeat":"repeat","background-position":"center center","background-size":"auto","background-attachment":"scroll","background-type":"","background-media":"","overlay-type":"","overlay-color":"","overlay-opacity":"","overlay-gradient":""}}},"product_brand":[],"product_cat":[27,24,25],"product_tag":[],"class_list":{"0":"post-2047","1":"product","2":"type-product","3":"status-publish","4":"has-post-thumbnail","6":"product_cat-compressoren","7":"product_cat-pkt-technologie","8":"product_cat-toestellen","9":"desktop-align-left","10":"tablet-align-left","11":"mobile-align-left","13":"first","14":"instock","15":"shipping-taxable","16":"product-type-simple"},"_links":{"self":[{"href":"https:\/\/www.prebenafb.com\/fr\/wp-json\/wp\/v2\/product\/2047","targetHints":{"allow":["GET"]}}],"collection":[{"href":"https:\/\/www.prebenafb.com\/fr\/wp-json\/wp\/v2\/product"}],"about":[{"href":"https:\/\/www.prebenafb.com\/fr\/wp-json\/wp\/v2\/types\/product"}],"wp:featuredmedia":[{"embeddable":true,"href":"https:\/\/www.prebenafb.com\/fr\/wp-json\/wp\/v2\/media\/2048"}],"wp:attachment":[{"href":"https:\/\/www.prebenafb.com\/fr\/wp-json\/wp\/v2\/media?parent=2047"}],"wp:term":[{"taxonomy":"product_brand","embeddable":true,"href":"https:\/\/www.prebenafb.com\/fr\/wp-json\/wp\/v2\/product_brand?post=2047"},{"taxonomy":"product_cat","embeddable":true,"href":"https:\/\/www.prebenafb.com\/fr\/wp-json\/wp\/v2\/product_cat?post=2047"},{"taxonomy":"product_tag","embeddable":true,"href":"https:\/\/www.prebenafb.com\/fr\/wp-json\/wp\/v2\/product_tag?post=2047"}],"curies":[{"name":"wp","href":"https:\/\/api.w.org\/{rel}","templated":true}]}}